{"id":9,"date":"2019-12-05T14:56:24","date_gmt":"2019-12-05T11:56:24","guid":{"rendered":"https:\/\/sergi2021.ebyu.edu.tr\/?page_id=9"},"modified":"2021-04-15T15:31:04","modified_gmt":"2021-04-15T12:31:04","slug":"anasayfa","status":"publish","type":"page","link":"https:\/\/sergi2021.ebyu.edu.tr\/","title":{"rendered":"Anasayfa"},"content":{"rendered":"<p>[et_pb_section fb_built=&#8221;1&#8243; custom_padding_last_edited=&#8221;off|desktop&#8221; admin_label=&#8221;Header&#8221; _builder_version=&#8221;4.4.3&#8243; background_color=&#8221;rgba(0,0,0,0)&#8221; use_background_color_gradient=&#8221;on&#8221; background_color_gradient_start=&#8221;rgba(255,255,255,0)&#8221; background_color_gradient_end=&#8221;rgba(255,255,255,0.43)&#8221; background_color_gradient_direction=&#8221;188deg&#8221; background_color_gradient_overlays_image=&#8221;on&#8221; background_enable_image=&#8221;off&#8221; width=&#8221;100%&#8221; max_width=&#8221;100%&#8221; max_width_tablet=&#8221;&#8221; max_width_phone=&#8221;&#8221; max_width_last_edited=&#8221;on|desktop&#8221; custom_padding=&#8221;4vw||12vw||false|&#8221; custom_padding_tablet=&#8221;5vw||5vw||true&#8221; locked=&#8221;off&#8221; collapsed=&#8221;off&#8221;][et_pb_row _builder_version=&#8221;4.4.2&#8243; use_custom_width=&#8221;on&#8221; width_unit=&#8221;off&#8221; custom_width_percent=&#8221;100%&#8221;][et_pb_column type=&#8221;4_4&#8243; _builder_version=&#8221;3.25&#8243; custom_padding=&#8221;|||&#8221; custom_padding__hover=&#8221;|||&#8221;][et_pb_text admin_label=&#8221;Metin&#8221; _builder_version=&#8221;4.9.4&#8243; text_font=&#8221;ABeeZee|700|||||||&#8221; text_text_color=&#8221;#000000&#8243; text_font_size=&#8221;26px&#8221; text_letter_spacing=&#8221;10px&#8221; header_font=&#8221;Prata||||||||&#8221; header_text_align=&#8221;center&#8221; header_text_color=&#8221;#333333&#8243; header_font_size=&#8221;150px&#8221; header_2_font=&#8221;|700||on|||||&#8221; header_2_text_align=&#8221;center&#8221; header_2_text_color=&#8221;rgba(0,0,0,0.28)&#8221; header_2_font_size=&#8221;14px&#8221; header_2_letter_spacing=&#8221;5px&#8221; header_2_line_height=&#8221;2em&#8221; transform_translate_linked=&#8221;off&#8221; max_width=&#8221;100%&#8221; max_width_tablet=&#8221;70%&#8221; max_width_last_edited=&#8221;off|phone&#8221; header_font_size_tablet=&#8221;80px&#8221; header_font_size_phone=&#8221;50px&#8221; header_font_size_last_edited=&#8221;on|phone&#8221; text_text_shadow_style=&#8221;preset3&#8243;]<\/p>\n<h4 style=\"text-align: center;\"><strong> D\u00dcNYA SANAT G\u00dcN\u00dc<br \/>\n@15 Nisan<\/strong><\/h4>\n<p>[\/et_pb_text][et_pb_text _builder_version=&#8221;4.9.4&#8243; text_font=&#8221;||||||||&#8221; text_text_color=&#8221;#000000&#8243; header_font=&#8221;Prata||||||||&#8221; header_text_align=&#8221;center&#8221; header_text_color=&#8221;#333333&#8243; header_font_size=&#8221;150px&#8221; header_2_font=&#8221;|500||on|||||&#8221; header_2_text_align=&#8221;center&#8221; header_2_font_size=&#8221;14px&#8221; header_2_letter_spacing=&#8221;5px&#8221; header_2_line_height=&#8221;2em&#8221; transform_translate_linked=&#8221;off&#8221; max_width=&#8221;100%&#8221; max_width_tablet=&#8221;70%&#8221; max_width_last_edited=&#8221;off|phone&#8221; header_font_size_tablet=&#8221;80px&#8221; header_font_size_phone=&#8221;50px&#8221; header_font_size_last_edited=&#8221;on|phone&#8221; text_text_shadow_style=&#8221;preset3&#8243;]<\/p>\n<p style=\"text-align: center;\"><span style=\"font-size: 28pt;\">&#8220;KARANT\u0130NA -II 2021&#8221;<\/span><\/p>\n<p>[\/et_pb_text][\/et_pb_column][\/et_pb_row][et_pb_row column_structure=&#8221;1_2,1_2&#8243; use_custom_gutter=&#8221;on&#8221; gutter_width=&#8221;2&#8243; make_equal=&#8221;on&#8221; _builder_version=&#8221;3.25&#8243; locked=&#8221;off&#8221;][et_pb_column type=&#8221;1_2&#8243; _builder_version=&#8221;3.25&#8243; custom_padding=&#8221;|||&#8221; custom_padding__hover=&#8221;|||&#8221;][et_pb_text admin_label=&#8221;Metin&#8221; _builder_version=&#8221;4.9.4&#8243; text_font=&#8221;||||||||&#8221; text_text_color=&#8221;#000000&#8243; text_font_size=&#8221;22px&#8221; text_line_height=&#8221;2em&#8221; link_font=&#8221;||||on||||&#8221; link_text_color=&#8221;#666666&#8243; header_font=&#8221;||||||||&#8221; header_text_align=&#8221;left&#8221; header_3_font=&#8221;|700||on|||||&#8221; header_3_font_size=&#8221;12px&#8221; header_3_letter_spacing=&#8221;5px&#8221; header_3_line_height=&#8221;1.8em&#8221; text_orientation=&#8221;center&#8221; max_width_tablet=&#8221;70%&#8221; max_width_last_edited=&#8221;off|phone&#8221; animation_style=&#8221;zoom&#8221; animation_intensity_zoom=&#8221;5%&#8221; hover_enabled=&#8221;0&#8243; header_3_font_size_tablet=&#8221;&#8221; header_3_font_size_phone=&#8221;&#8221; header_3_font_size_last_edited=&#8221;on|desktop&#8221; text_text_align=&#8221;center&#8221; sticky_enabled=&#8221;0&#8243;]<\/p>\n<h3>Online Sergi<\/h3>\n<p>Akademisyenler, Sanat\u00e7\u0131lar, G\u00f6rsel Sanatlar \u00d6\u011fretmenleri ve Lisans\u00fcst\u00fc \u00d6\u011frencilerinin Eserleri Sergilenmektedir<\/p>\n<p>&nbsp;<\/p>\n<p>[\/et_pb_text][\/et_pb_column][et_pb_column type=&#8221;1_2&#8243; _builder_version=&#8221;3.25&#8243; custom_padding=&#8221;|||&#8221; custom_padding__hover=&#8221;|||&#8221;][et_pb_image src=&#8221;https:\/\/sergi2021.ebyu.edu.tr\/wp-content\/uploads\/2021\/04\/SERGI-AFIS.jpg&#8221; title_text=&#8221;SERG\u0130-AF\u0130\u015e&#8221; _builder_version=&#8221;4.9.4&#8243; _module_preset=&#8221;default&#8221;][\/et_pb_image][\/et_pb_column][\/et_pb_row][\/et_pb_section]<\/p>\n","protected":false},"excerpt":{"rendered":"<p>D\u00dcNYA SANAT G\u00dcN\u00dc @15 Nisan&#8221;KARANT\u0130NA -II 2021&#8243;Online Sergi Akademisyenler, Sanat\u00e7\u0131lar, G\u00f6rsel Sanatlar \u00d6\u011fretmenleri ve Lisans\u00fcst\u00fc \u00d6\u011frencilerinin Eserleri Sergilenmektedir &nbsp;<\/p>\n","protected":false},"author":7,"featured_media":0,"parent":0,"menu_order":0,"comment_status":"closed","ping_status":"closed","template":"","meta":{"_et_pb_use_builder":"on","_et_pb_old_content":"","_et_gb_content_width":"","footnotes":""},"class_list":["post-9","page","type-page","status-publish","hentry"],"jetpack_sharing_enabled":true,"jetpack_likes_enabled":true,"_links":{"self":[{"href":"https:\/\/sergi2021.ebyu.edu.tr\/index.php?rest_route=\/wp\/v2\/pages\/9","targetHints":{"allow":["GET"]}}],"collection":[{"href":"https:\/\/sergi2021.ebyu.edu.tr\/index.php?rest_route=\/wp\/v2\/pages"}],"about":[{"href":"https:\/\/sergi2021.ebyu.edu.tr\/index.php?rest_route=\/wp\/v2\/types\/page"}],"author":[{"embeddable":true,"href":"https:\/\/sergi2021.ebyu.edu.tr\/index.php?rest_route=\/wp\/v2\/users\/7"}],"replies":[{"embeddable":true,"href":"https:\/\/sergi2021.ebyu.edu.tr\/index.php?rest_route=%2Fwp%2Fv2%2Fcomments&post=9"}],"version-history":[{"count":41,"href":"https:\/\/sergi2021.ebyu.edu.tr\/index.php?rest_route=\/wp\/v2\/pages\/9\/revisions"}],"predecessor-version":[{"id":624,"href":"https:\/\/sergi2021.ebyu.edu.tr\/index.php?rest_route=\/wp\/v2\/pages\/9\/revisions\/624"}],"wp:attachment":[{"href":"https:\/\/sergi2021.ebyu.edu.tr\/index.php?rest_route=%2Fwp%2Fv2%2Fmedia&parent=9"}],"curies":[{"name":"wp","href":"https:\/\/api.w.org\/{rel}","templated":true}]}}